{"id":109,"date":"2011-06-01T11:47:05","date_gmt":"2011-06-01T11:47:05","guid":{"rendered":"http:\/\/127.0.0.1\/Nedani\/?page_id=109"},"modified":"2016-03-30T13:41:21","modified_gmt":"2016-03-30T13:41:21","slug":"qui-sommes-nous","status":"publish","type":"page","link":"https:\/\/www.terrassement06.com\/?page_id=109","title":{"rendered":"QUI SOMMES-NOUS ?"},"content":{"rendered":"<h5><strong><a rel=\"attachment wp-att-476\" href=\"http:\/\/www.terrassement06.com\/?attachment_id=476\">Film NEDANI ET FILS<\/a><\/p>\n<p>&nbsp;<\/p>\n<p><\/strong><strong>Artisan depuis 1978<\/strong>,  Philippe N\u00e9dani cr\u00e9\u00e9 en 1982 son entreprise de terrassement et de  travaux publics. La SARL NEDANI &amp; FILS est sp\u00e9cialis\u00e9e dans le  terrassement,\u00a0 a VRD (Voirie R\u00e9seaux Divers), l\u2019enrochement et les  am\u00e9nagements ext\u00e9rieurs.<\/h5>\n<h5><strong>Entreprise familiale par excellence<\/strong>, la SARL NEDANI &amp; FILS \u00a0dispose d\u2019un effectif fid\u00e8le et exp\u00e9riment\u00e9 et vous conseillera au mieux de vos int\u00e9r\u00eats.<\/h5>\n<h5>Nous disposons des qualifications et du mat\u00e9riels n\u00e9cessaires \u00e0 la bonne r\u00e9alisation des vos travaux.<\/h5>\n<h5><strong>Notre rayon d\u2019action\u00a0:<\/strong><\/h5>\n<h5>Situ\u00e9e \u00e0 Saint Martin du Var, \u00e0 25  minutes de Nice, La SARL NEDANI &amp; FILS Terrassement 06 intervient  dans toutes les Alpes Maritimes. Nous sommes \u00e0 votre \u00e9coute pour tous  probl\u00e8mes de terrassement que vous pourrez rencontrer lors de la  construction de votre villa ou l\u2019am\u00e9nagement de votre terrain, la  r\u00e9alisation de votre entr\u00e9e etc.\u2026<\/h5>\n","protected":false},"excerpt":{"rendered":"<p>Film NEDANI ET FILS &nbsp; Artisan depuis 1978, Philippe N\u00e9dani cr\u00e9\u00e9 en 1982 son entreprise de terrassement et de travaux publics. La SARL NEDANI &amp; FILS est sp\u00e9cialis\u00e9e dans le terrassement,\u00a0 a VRD (Voirie R\u00e9seaux Divers), l\u2019enrochement et les am\u00e9nagements &hellip; <a href=\"https:\/\/www.terrassement06.com\/?page_id=109\">Continuer la lecture <span class=\"meta-nav\">&rarr;<\/span><\/a><\/p>\n","protected":false},"author":1,"featured_media":0,"parent":0,"menu_order":0,"comment_status":"closed","ping_status":"closed","template":"","meta":{"footnotes":""},"aioseo_notices":[],"_links":{"self":[{"href":"https:\/\/www.terrassement06.com\/index.php?rest_route=\/wp\/v2\/pages\/109"}],"collection":[{"href":"https:\/\/www.terrassement06.com\/index.php?rest_route=\/wp\/v2\/pages"}],"about":[{"href":"https:\/\/www.terrassement06.com\/index.php?rest_route=\/wp\/v2\/types\/page"}],"author":[{"embeddable":true,"href":"https:\/\/www.terrassement06.com\/index.php?rest_route=\/wp\/v2\/users\/1"}],"replies":[{"embeddable":true,"href":"https:\/\/www.terrassement06.com\/index.php?rest_route=%2Fwp%2Fv2%2Fcomments&post=109"}],"version-history":[{"count":6,"href":"https:\/\/www.terrassement06.com\/index.php?rest_route=\/wp\/v2\/pages\/109\/revisions"}],"predecessor-version":[{"id":479,"href":"https:\/\/www.terrassement06.com\/index.php?rest_route=\/wp\/v2\/pages\/109\/revisions\/479"}],"wp:attachment":[{"href":"https:\/\/www.terrassement06.com\/index.php?rest_route=%2Fwp%2Fv2%2Fmedia&parent=109"}],"curies":[{"name":"wp","href":"https:\/\/api.w.org\/{rel}","templated":true}]}}