{"id":23,"date":"2011-05-31T10:50:14","date_gmt":"2011-05-31T10:50:14","guid":{"rendered":"http:\/\/127.0.0.1\/Nedani\/?page_id=23"},"modified":"2016-03-30T12:34:34","modified_gmt":"2016-03-30T12:34:34","slug":"enrochement","status":"publish","type":"page","link":"https:\/\/www.terrassement06.com\/?page_id=23","title":{"rendered":"Enrochement"},"content":{"rendered":"<h5 style=\"text-align: justify;\"><strong><a rel=\"attachment wp-att-465\" href=\"http:\/\/www.terrassement06.com\/?attachment_id=465\"><img loading=\"lazy\" decoding=\"async\" title=\"TERRASSEMENT FOUILLE ENROCHEMENT\" class=\"alignleft size-medium wp-image-465\" src=\"http:\/\/www.terrassement06.com\/wp-content\/uploads\/2011\/05\/IMG_0866-300x225.jpg\" alt=\"\" width=\"300\" height=\"225\" \/><\/a>Nous intervenons dans tous le 06 pour vos travaux d\u2019enrochement, que vous soyez particuliers ou\u00a0professionnels.<\/strong><\/h5>\n<h5 style=\"text-align: justify;\">L\u2019enrochement permet une augmentation de surface plane par stabilisation et cr\u00e9ation de plate-forme sur terrain accident\u00e9. La r\u00e9alisation d\u2019un tel ouvrage n\u00e9cessite un savoir-faire particulier qui vous assure une r\u00e9elle s\u00e9curit\u00e9.<\/h5>\n<ul style=\"text-align: justify;\">\n<li>\n<h5>Cr\u00e9ation de surface\u00a0pour fondations de villa.<\/h5>\n<\/li>\n<li>\n<h5>Cr\u00e9ation de surface pour cr\u00e9ation de piscine.<\/h5>\n<\/li>\n<li>\n<h5>Cr\u00e9ation de surface pour am\u00e9nagement de jardins.<\/h5>\n<\/li>\n<\/ul>\n<h5 style=\"text-align: justify;\">Il existe <strong>diff\u00e9rents types et coloris de roches<\/strong> disponibles\u00a0:<\/h5>\n<ul style=\"text-align: justify;\">\n<li>\n<h5>Blocs 1er cat\u00e9gorie Turbie ou Gourdon<\/h5>\n<\/li>\n<li>\n<h5>Blocs 2eme cat\u00e9gorie Turbie \u00a0ou Gourdon<\/h5>\n<\/li>\n<li>\n<h5>Blocs ordinaires Vall\u00e9e du Var<\/h5>\n<\/li>\n<\/ul>\n<h5 style=\"text-align: justify;\">Un mur d&rsquo;enrochement se doit, malgr\u00e9 la taille des roches utilis\u00e9es et de sa fonction de sout\u00e8nement, d&rsquo;\u00eatre a\u00e9r\u00e9.\u00a0Il permet ainsi la plantation de v\u00e9g\u00e9taux tombants et prend, en quelques ann\u00e9es, une patine de mousse et lichens qui vous donne l&rsquo;impression d&rsquo;avoir toujours \u00e9t\u00e9 l\u00e0. Le mur d&rsquo;enrochement s&rsquo;int\u00e8gre parfaitement dans un jardin paysag\u00e9 ou dans le maintien des terres en limite de propri\u00e9t\u00e9.<\/h5>\n","protected":false},"excerpt":{"rendered":"<p>Nous intervenons dans tous le 06 pour vos travaux d\u2019enrochement, que vous soyez particuliers ou\u00a0professionnels. L\u2019enrochement permet une augmentation de surface plane par stabilisation et cr\u00e9ation de plate-forme sur terrain accident\u00e9. La r\u00e9alisation d\u2019un tel ouvrage n\u00e9cessite un savoir-faire particulier &hellip; <a href=\"https:\/\/www.terrassement06.com\/?page_id=23\">Continuer la lecture <span class=\"meta-nav\">&rarr;<\/span><\/a><\/p>\n","protected":false},"author":1,"featured_media":0,"parent":0,"menu_order":0,"comment_status":"open","ping_status":"open","template":"","meta":{"footnotes":""},"aioseo_notices":[],"_links":{"self":[{"href":"https:\/\/www.terrassement06.com\/index.php?rest_route=\/wp\/v2\/pages\/23"}],"collection":[{"href":"https:\/\/www.terrassement06.com\/index.php?rest_route=\/wp\/v2\/pages"}],"about":[{"href":"https:\/\/www.terrassement06.com\/index.php?rest_route=\/wp\/v2\/types\/page"}],"author":[{"embeddable":true,"href":"https:\/\/www.terrassement06.com\/index.php?rest_route=\/wp\/v2\/users\/1"}],"replies":[{"embeddable":true,"href":"https:\/\/www.terrassement06.com\/index.php?rest_route=%2Fwp%2Fv2%2Fcomments&post=23"}],"version-history":[{"count":13,"href":"https:\/\/www.terrassement06.com\/index.php?rest_route=\/wp\/v2\/pages\/23\/revisions"}],"predecessor-version":[{"id":467,"href":"https:\/\/www.terrassement06.com\/index.php?rest_route=\/wp\/v2\/pages\/23\/revisions\/467"}],"wp:attachment":[{"href":"https:\/\/www.terrassement06.com\/index.php?rest_route=%2Fwp%2Fv2%2Fmedia&parent=23"}],"curies":[{"name":"wp","href":"https:\/\/api.w.org\/{rel}","templated":true}]}}