{"id":26,"date":"2011-05-31T10:50:41","date_gmt":"2011-05-31T10:50:41","guid":{"rendered":"http:\/\/127.0.0.1\/Nedani\/?page_id=26"},"modified":"2011-06-10T08:55:27","modified_gmt":"2011-06-10T08:55:27","slug":"savoir-faire","status":"publish","type":"page","link":"https:\/\/www.terrassement06.com\/?page_id=26","title":{"rendered":"Savoir-Faire"},"content":{"rendered":"<h5>Nous oeuvrons aupr\u00e8s des particuliers, des communes, des bureaux d&rsquo;\u00e9tude et des architectes.<\/h5>\n<h5>Nous sommes \u00e0 votre service pour\u00a0:<\/h5>\n<ul>\n<li>\n<h5><strong><a title=\"Les terrassements\" href=\"http:\/\/www.terrassement06.com\/?page_id=29\" target=\"_blank\">Les terrassements <\/a><\/strong><\/h5>\n<\/li>\n<li>\n<h5><strong><a title=\"Les travaux de VRD\" href=\"http:\/\/www.terrassement06.com\/?page_id=32 \" target=\"_blank\">Les travaux de VRD<\/a><\/strong><\/h5>\n<\/li>\n<li>\n<h5><strong><a title=\"Les travaux d'enrochement\" href=\"http:\/\/www.terrassement06.com\/?page_id=23\" target=\"_blank\">Les travaux d\u2019enrochement<\/a><\/strong><\/h5>\n<\/li>\n<li>\n<h5><strong><a title=\"Les am\u00e9nagements ext\u00e9rieurs\" href=\"http:\/\/www.terrassement06.com\/?page_id=19\" target=\"_blank\">Les am\u00e9nagements ext\u00e9rieurs<\/a><\/strong><\/h5>\n<\/li>\n<\/ul>\n","protected":false},"excerpt":{"rendered":"<p>Nous oeuvrons aupr\u00e8s des particuliers, des communes, des bureaux d&rsquo;\u00e9tude et des architectes. Nous sommes \u00e0 votre service pour\u00a0: Les terrassements Les travaux de VRD Les travaux d\u2019enrochement Les am\u00e9nagements ext\u00e9rieurs<\/p>\n","protected":false},"author":1,"featured_media":0,"parent":0,"menu_order":0,"comment_status":"open","ping_status":"open","template":"","meta":{"footnotes":""},"aioseo_notices":[],"_links":{"self":[{"href":"https:\/\/www.terrassement06.com\/index.php?rest_route=\/wp\/v2\/pages\/26"}],"collection":[{"href":"https:\/\/www.terrassement06.com\/index.php?rest_route=\/wp\/v2\/pages"}],"about":[{"href":"https:\/\/www.terrassement06.com\/index.php?rest_route=\/wp\/v2\/types\/page"}],"author":[{"embeddable":true,"href":"https:\/\/www.terrassement06.com\/index.php?rest_route=\/wp\/v2\/users\/1"}],"replies":[{"embeddable":true,"href":"https:\/\/www.terrassement06.com\/index.php?rest_route=%2Fwp%2Fv2%2Fcomments&post=26"}],"version-history":[{"count":14,"href":"https:\/\/www.terrassement06.com\/index.php?rest_route=\/wp\/v2\/pages\/26\/revisions"}],"predecessor-version":[{"id":40,"href":"https:\/\/www.terrassement06.com\/index.php?rest_route=\/wp\/v2\/pages\/26\/revisions\/40"}],"wp:attachment":[{"href":"https:\/\/www.terrassement06.com\/index.php?rest_route=%2Fwp%2Fv2%2Fmedia&parent=26"}],"curies":[{"name":"wp","href":"https:\/\/api.w.org\/{rel}","templated":true}]}}