{"id":29,"date":"2011-05-31T10:51:06","date_gmt":"2011-05-31T10:51:06","guid":{"rendered":"http:\/\/127.0.0.1\/Nedani\/?page_id=29"},"modified":"2011-06-10T08:22:55","modified_gmt":"2011-06-10T08:22:55","slug":"terrassement","status":"publish","type":"page","link":"https:\/\/www.terrassement06.com\/?page_id=29","title":{"rendered":"Terrassement"},"content":{"rendered":"<h5 style=\"text-align: justify;\"><strong>Nous intervenons dans tous le 06 pour vos travaux de terrassement, que vous soyez particuliers ou professionnels.<\/strong><\/h5>\n<ul style=\"text-align: justify;\">\n<li>\n<h5>Travaux de terrassement g\u00e9n\u00e9raux pour villa.<\/h5>\n<\/li>\n<li>\n<h5>Interventions en acc\u00e8s difficiles, \u00e0 fort d\u00e9nivel\u00e9 ou exigus.<\/h5>\n<\/li>\n<li>\n<h5>Cr\u00e9ation de plates-formes quelque soit la nature du terrain.<\/h5>\n<\/li>\n<li>\n<h5>Creusement d\u2019excavation pour\u00a0:<\/h5>\n<h5><em>&#8211; Piscines (Monocoque, b\u00e9ton projet\u00e9, &#8230;).<br \/>\n<\/em><em><em>&#8211; Cuves \u00e0 gaz propane enterr\u00e9es.<br \/>\n<\/em><\/em><em><em><em>&#8211; Caves.<\/em><br \/>\n<\/em><\/em><em><em><em>&#8211; Terrasses et d\u00e9pendances.<\/em> <\/em><\/em><\/h5>\n<\/li>\n<li>\n<h5>R\u00e9glage de surfaces avant b\u00e9ton ou enrob\u00e9.<\/h5>\n<\/li>\n<li>\n<h5>Cr\u00e9ation de rampe d\u2019acc\u00e8s\u2026<\/h5>\n<\/li>\n<\/ul>\n<h5 style=\"text-align: justify;\">Nous vous proposons \u00e9galement la possibilit\u00e9 de <strong>suivi du terrassement<\/strong>, en concertation avec le constructeur lors de l&rsquo;\u00e9dification de votre villa.<\/h5>\n<h5 style=\"text-align: justify;\"><strong>Des plus qui font la diff\u00e9rence\u00a0:<\/strong><\/h5>\n<ul style=\"text-align: justify;\">\n<li>\n<h5>\u00c9talement des terres r\u00e9siduelles.<\/h5>\n<\/li>\n<li>\n<h5>Nettoyage de fin de chantier.<\/h5>\n<\/li>\n<li>\n<h5>Enl\u00e8vement des d\u00e9tritus.<\/h5>\n<\/li>\n<\/ul>\n<h5 style=\"text-align: justify;\"><strong>Pensez \u00e0 la cr\u00e9ation de votre jardin <\/strong>\u2026 nous sommes \u00e0 votre disposition\u00a0pour :<\/h5>\n<ul style=\"text-align: justify;\">\n<li>\n<h5>L\u2019<a title=\"am\u00e9nagement ext\u00e9rieur\" href=\"http:\/\/www.terrassement06.com\/?page_id=19\">am\u00e9nagement ext\u00e9rieur<\/a> de votre villa.<\/h5>\n<\/li>\n<li>\n<h5>Et l\u2019<a title=\"enrochement\" href=\"http:\/\/www.terrassement06.com\/?page_id=23\">enrochement<\/a>.<\/h5>\n<\/li>\n<\/ul>\n<h5 style=\"text-align: justify;\"><strong>Sp\u00e9cialiste de l&rsquo;assainissement individuel et de sa mise en conformit\u00e9<\/strong>, nous intervenons \u00e9galement pour tous vos <strong>travaux de <a title=\"VRD\" href=\"http:\/\/www.terrassement06.com\/?page_id=32\" target=\"_blank\">VRD<\/a>, <\/strong>tranch\u00e9e pour raccordement, EAU,\u00a0 EDF,\u00a0 PTT,\u00a0 Tout \u00e0 l&rsquo;\u00e9gout, \u2026<\/h5>\n","protected":false},"excerpt":{"rendered":"<p>Nous intervenons dans tous le 06 pour vos travaux de terrassement, que vous soyez particuliers ou professionnels. Travaux de terrassement g\u00e9n\u00e9raux pour villa. Interventions en acc\u00e8s difficiles, \u00e0 fort d\u00e9nivel\u00e9 ou exigus. Cr\u00e9ation de plates-formes quelque soit la nature du &hellip; <a href=\"https:\/\/www.terrassement06.com\/?page_id=29\">Continuer la lecture <span class=\"meta-nav\">&rarr;<\/span><\/a><\/p>\n","protected":false},"author":1,"featured_media":0,"parent":0,"menu_order":0,"comment_status":"open","ping_status":"open","template":"","meta":{"footnotes":""},"aioseo_notices":[],"_links":{"self":[{"href":"https:\/\/www.terrassement06.com\/index.php?rest_route=\/wp\/v2\/pages\/29"}],"collection":[{"href":"https:\/\/www.terrassement06.com\/index.php?rest_route=\/wp\/v2\/pages"}],"about":[{"href":"https:\/\/www.terrassement06.com\/index.php?rest_route=\/wp\/v2\/types\/page"}],"author":[{"embeddable":true,"href":"https:\/\/www.terrassement06.com\/index.php?rest_route=\/wp\/v2\/users\/1"}],"replies":[{"embeddable":true,"href":"https:\/\/www.terrassement06.com\/index.php?rest_route=%2Fwp%2Fv2%2Fcomments&post=29"}],"version-history":[{"count":9,"href":"https:\/\/www.terrassement06.com\/index.php?rest_route=\/wp\/v2\/pages\/29\/revisions"}],"predecessor-version":[{"id":360,"href":"https:\/\/www.terrassement06.com\/index.php?rest_route=\/wp\/v2\/pages\/29\/revisions\/360"}],"wp:attachment":[{"href":"https:\/\/www.terrassement06.com\/index.php?rest_route=%2Fwp%2Fv2%2Fmedia&parent=29"}],"curies":[{"name":"wp","href":"https:\/\/api.w.org\/{rel}","templated":true}]}}