{"id":32,"date":"2011-05-31T10:51:24","date_gmt":"2011-05-31T10:51:24","guid":{"rendered":"http:\/\/127.0.0.1\/Nedani\/?page_id=32"},"modified":"2011-06-10T08:17:50","modified_gmt":"2011-06-10T08:17:50","slug":"v-r-d","status":"publish","type":"page","link":"https:\/\/www.terrassement06.com\/?page_id=32","title":{"rendered":"V.R.D."},"content":{"rendered":"<h5 style=\"text-align: justify;\"><strong>Nous mettons notre exp\u00e9rience et notre professionnalisme \u00e0 votre service.<\/strong><\/h5>\n<ul>\n<li>\n<h5><strong>R\u00e9alisation<\/strong> de r\u00e9seaux secs et humides aux normes DTU.<\/h5>\n<\/li>\n<li>\n<h5><strong>Poses et r\u00e9glages<\/strong> de toutes sortes de regards&#8230;<br \/>\n<strong><\/strong><\/h5>\n<\/li>\n<li>\n<h5><strong>Cr\u00e9ation et r\u00e9novation<\/strong> de r\u00e9seau priv\u00e9 d&rsquo;eau us\u00e9e (fosses sceptique, bac \u00e0 sable, lagunage, bac \u00e0 graisse, filtre, drains, tuyaux drainant).<br \/>\n<strong><\/strong><\/h5>\n<\/li>\n<li>\n<h5><strong>Reprise et mise en conformit\u00e9<\/strong> des anciennes installations d&rsquo;assainissement individuel<br \/>\n<strong><\/strong><\/h5>\n<\/li>\n<li>\n<h5><strong>Branchement tout \u00e0 l&rsquo;\u00e9gout<br \/>\n<\/strong><\/h5>\n<\/li>\n<li>\n<h5><strong>Tranch\u00e9es <\/strong>de raccordement pour les r\u00e9seaux divers : EAU &#8211; EDF &#8211; FRANCE TELECOM et le PLUVIAL<\/h5>\n<\/li>\n<\/ul>\n<ul style=\"text-align: justify;\"><\/ul>\n<h5 style=\"text-align: justify;\">Dans tous les cas de travaux, nous vous garantissons un travail propre et soign\u00e9 avec le nettoyage syst\u00e9matique des abords.<\/h5>\n<h5 style=\"text-align: justify;\">En contact avec les SPANCS et les Communaut\u00e9s Urbaines, l\u2019entreprise se propose de faire les dossiers de demande de branchement au tout \u00e0 l\u2019\u00e9gout, et\/ou les d\u00e9clarations d\u2019installation ou de r\u00e9habilitation d\u2019un dispositif d&rsquo;assainissement non collectif. Nous demandons pour vous la conformit\u00e9 de l\u2019installation.<\/h5>\n<h5 style=\"text-align: justify;\">Professionnels,<\/h5>\n<ul>\n<li>\n<h5>Architectes.<\/h5>\n<\/li>\n<li>\n<h5>Artisans paysagistes.<\/h5>\n<\/li>\n<\/ul>\n<ul style=\"text-align: justify;\"><\/ul>\n<h5 style=\"text-align: justify;\">Communes et d\u00e9partements,<br \/>\nParticuliers.<\/h5>\n<ul style=\"text-align: justify;\">\n<li>\n<h5>Assainissement pour villa individuelle selon les nouvelles normes Europ\u00e9ennes.<\/h5>\n<\/li>\n<li>\n<h5>L&rsquo;assainissement individuel non collectif est adapt\u00e9 \u00e0 l&rsquo;\u00e9puration des eaux us\u00e9es des habitations individuelles ou d&rsquo;un petit groupe d&rsquo;habitations. Il se compose d&rsquo;une fosse septique suivie d&rsquo;un \u00e9pandage souterrain constitu\u00e9 d&rsquo;un r\u00e9seau de drains.<\/h5>\n<h5>Avec diff\u00e9rents dispositifs :<\/h5>\n<h5><em><strong>1- Les fili\u00e8res non drain\u00e9es<span style=\"text-decoration: underline;\"><br \/>\n<\/span><\/strong>&#8211; Les tranch\u00e9es d\u2019\u00e9pandage \u00e0 faible profondeur dans le sol naturel<\/em><\/h5>\n<h5><em>&#8211; Le lit d\u2019\u00e9pandage \u00e0 faible profondeur<\/em><\/h5>\n<h5><em>&#8211; Le lit filtrant vertical non drain\u00e9<\/em><\/h5>\n<h5><em><strong>2- Les fili\u00e8res drain\u00e9es<br \/>\n<\/strong>&#8211; Le lit filtrant drain\u00e9 \u00e0 flux vertical qui comprend le lit \u00e0 massif \u00e0 sable et le lit \u00e0 massif de z\u00e9olite<\/em><\/h5>\n<h5><em>&#8211; Le lit filtrant drain\u00e9 \u00e0 flux horizontal<\/em><\/h5>\n<h5><em>&#8211; Le tertre d\u2019infiltration peut-\u00eatre pr\u00e9conis\u00e9 par une \u00e9tude du sol de la parcelle selon les caract\u00e9ristiques du substratum. Il correspond \u00e0 une adaptation de ces fili\u00e8res.<\/em><\/h5>\n<h5><em>Pour les fili\u00e8res drain\u00e9es, une \u00e9tude du sol de la parcelle doit d\u00e9montrer l\u2019impossibilit\u00e9 d\u2019utiliser une autre fili\u00e8re et ils doivent faire obligatoirement l\u2019objet d\u2019une d\u00e9rogation octroy\u00e9e par l\u2019autorit\u00e9 sanitaire.<\/em><\/h5>\n<h5>Le syst\u00e8me d\u2019assainissement non collectif doit \u00eatre r\u00e9guli\u00e8rement entretenu de\u00a0mani\u00e8re \u00e0 garantir le fonctionnement des dispositifs de traitement et de surveillance.<\/h5>\n<\/li>\n<\/ul>\n<ul style=\"text-align: justify;\">\n<li>\n<h5>Assainissement collectif\u00a0:<\/h5>\n<h5>&#8211;\u00a0Branchement au r\u00e9seau public d\u2019assainissement gravitaire.<\/h5>\n<h5>&#8211; Branchement au r\u00e9seau public d\u2019assainissement <strong>en pompe de<\/strong> <strong>relevage<\/strong> avec pompe polypropyl\u00e8ne double pompe inox selon r\u00e8glement des Communaut\u00e9 Urbaines. Nous prenons rendez-vous avec les responsables des Communaut\u00e9 Urbaines afin de faire valider le syst\u00e8me avant sa mise en place.<\/h5>\n<\/li>\n<\/ul>\n<h5 style=\"text-align: justify;\"><strong>Nous ex\u00e9cutons et r\u00e9alisons tous vos travaux de VRD en construction neuve ou r\u00e9fections.<\/strong><\/h5>\n","protected":false},"excerpt":{"rendered":"<p>Nous mettons notre exp\u00e9rience et notre professionnalisme \u00e0 votre service. R\u00e9alisation de r\u00e9seaux secs et humides aux normes DTU. Poses et r\u00e9glages de toutes sortes de regards&#8230; Cr\u00e9ation et r\u00e9novation de r\u00e9seau priv\u00e9 d&rsquo;eau us\u00e9e (fosses sceptique, bac \u00e0 sable, &hellip; <a href=\"https:\/\/www.terrassement06.com\/?page_id=32\">Continuer la lecture <span class=\"meta-nav\">&rarr;<\/span><\/a><\/p>\n","protected":false},"author":1,"featured_media":0,"parent":0,"menu_order":0,"comment_status":"open","ping_status":"open","template":"","meta":{"footnotes":""},"aioseo_notices":[],"_links":{"self":[{"href":"https:\/\/www.terrassement06.com\/index.php?rest_route=\/wp\/v2\/pages\/32"}],"collection":[{"href":"https:\/\/www.terrassement06.com\/index.php?rest_route=\/wp\/v2\/pages"}],"about":[{"href":"https:\/\/www.terrassement06.com\/index.php?rest_route=\/wp\/v2\/types\/page"}],"author":[{"embeddable":true,"href":"https:\/\/www.terrassement06.com\/index.php?rest_route=\/wp\/v2\/users\/1"}],"replies":[{"embeddable":true,"href":"https:\/\/www.terrassement06.com\/index.php?rest_route=%2Fwp%2Fv2%2Fcomments&post=32"}],"version-history":[{"count":10,"href":"https:\/\/www.terrassement06.com\/index.php?rest_route=\/wp\/v2\/pages\/32\/revisions"}],"predecessor-version":[{"id":214,"href":"https:\/\/www.terrassement06.com\/index.php?rest_route=\/wp\/v2\/pages\/32\/revisions\/214"}],"wp:attachment":[{"href":"https:\/\/www.terrassement06.com\/index.php?rest_route=%2Fwp%2Fv2%2Fmedia&parent=32"}],"curies":[{"name":"wp","href":"https:\/\/api.w.org\/{rel}","templated":true}]}}