{"id":8,"date":"2013-03-15T15:05:32","date_gmt":"2013-03-15T15:05:32","guid":{"rendered":"http:\/\/127.0.0.1\/Nedani\/?page_id=8"},"modified":"2016-03-30T16:05:42","modified_gmt":"2016-03-30T16:05:42","slug":"notre-entreprise","status":"publish","type":"page","link":"https:\/\/www.terrassement06.com\/?page_id=8","title":{"rendered":"Notre Entreprise"},"content":{"rendered":"<h5><strong>Artisan depuis 1978<\/strong>, Philippe NEDANI cr\u00e9\u00e9 en 1982 son entreprise individuelle de terrassement. En 2002, Laurent, son fils vient travailler au sein de l&rsquo;Entreprise, suite \u00e0 l&rsquo;obtention de son BTS g\u00e9nie civil.<\/h5>\n<h5>Afin de pr\u00e9parer la prosp\u00e9rit\u00e9 de l&rsquo;entreprise et palier aux exigences juridiques, ils cr\u00e9ent en 2007 une SARL. Actuellement, Philippe et Laurent sont tous deux co-g\u00e9rants de la soci\u00e9t\u00e9 install\u00e9e depuis plus de 30 ans \u00e0 Saint Martin du Var.<\/h5>\n<h5>L&rsquo;activit\u00e9 de l&rsquo;entreprise est originellement le terrassement, les enrochements, l&rsquo;assainissement collectif et autonome, tous travaux de V.R.D et depuis quelques ann\u00e9es tous travaux de petite ma\u00e7onnerie (murs, murets de cl\u00f4ture, portails, pav\u00e9s&#8230;) ainsi que de l&rsquo;am\u00e9nagement ext\u00e9rieur dans toute sa diversit\u00e9.<\/h5>\n<h5 style=\"text-align: justify;\"><strong>Entreprise familiale par excellence<\/strong>, la SARL NEDANI &amp; FILS \u00a0dispose d&rsquo;un effectif fid\u00e8le et exp\u00e9riment\u00e9 et vous conseillera au mieux de vos int\u00e9r\u00eats. Un seul interlocuteur, de l&rsquo;\u00e9tablissement du devis \u00e0 la r\u00e9alisation des travaux et \u00e0 la r\u00e9ception du chantier.<\/h5>\n<h5 style=\"text-align: justify;\">Nous disposons des qualifications et du mat\u00e9riels n\u00e9cessaires \u00e0 la bonne r\u00e9alisation des vos travaux.<\/h5>\n<h5>Notre entreprise sp\u00e9cialis\u00e9e dans les am\u00e9nagements ext\u00e9rieurs pour personnes \u00e0 mobilit\u00e9 r\u00e9duite (PMR) a mis en \u0153uvre une d\u00e9marche de formation dans le secteur de l&rsquo;accessibilit\u00e9.<\/h5>\n<h5 style=\"text-align: left;\"><img loading=\"lazy\" decoding=\"async\" title=\"LOGO HANDIBAT 2014\" style=\"width: 82px;\" class=\"alignleft size-medium wp-image-458\" src=\"http:\/\/www.terrassement06.com\/wp-content\/uploads\/2013\/03\/LOGO-HANDIBAT-20142-248x300.jpg\" alt=\"\" width=\"248\" height=\"108\" \/>Labellis\u00e9e Handibat en Janvier 2014 la SARL NEDANI ET FILS s&rsquo;engage \u00e0 respecter les exigences de la chartre de la marque HANDIBAT. Nous maitrisons les comp\u00e9tences permettant d&rsquo;apporter des solutions techniques adapt\u00e9es aux diff\u00e9rents handicaps.<\/h5>\n<h5 style=\"text-align: left;\">Nos travaux de qualit\u00e9 sont r\u00e9alis\u00e9s dans le respect des normes en vigueur. Notre entreprise attache un soin particulier \u00e0 proposer des travaux esth\u00e9tiques et adapt\u00e9s aux diff\u00e9rents\u00a0\u00a0 \u00a0\u00a0\u00a0\u00a0\u00a0\u00a0\u00a0\u00a0\u00a0\u00a0\u00a0\u00a0\u00a0\u00a0\u00a0\u00a0\u00a0\u00a0\u00a0\u00a0\u00a0\u00a0\u00a0\u00a0\u00a0\u00a0\u00a0\u00a0\u00a0 \u00a0\u00a0\u00a0 besoins des personnes handicap\u00e9es ou a mobilit\u00e9 r\u00e9duite.<\/h5>\n<h5 style=\"text-align: justify;\"><strong>Notre rayon d\u2019action\u00a0:<\/strong><\/h5>\n<h5 style=\"text-align: justify;\">Situ\u00e9e \u00e0 Saint Martin du Var, \u00e0 25 minutes de Nice, La SARL NEDANI &amp; FILS\u00a0 intervient dans toutes les Alpes Maritimes. Nous sommes \u00e0 votre \u00e9coute pour tous probl\u00e8mes de terrassement que vous pourrez rencontrer lors de la construction de votre villa ou l&rsquo;am\u00e9nagement de votre terrain, la r\u00e9alisation de votre entr\u00e9e etc.\u2026<\/h5>\n<h5 style=\"text-align: justify;\"><strong>Certifications\u00a0:<\/strong><\/h5>\n<ul style=\"text-align: justify;\">\n<li>\n<h5>Membre de la CAPEB<\/h5>\n<\/li>\n<li>\n<h5>Habilitation \u00e9lectrique.<\/h5>\n<\/li>\n<li>\n<h5>Habilitation fosses sceptique.<\/h5>\n<\/li>\n<\/ul>\n","protected":false},"excerpt":{"rendered":"<p>Artisan depuis 1978, Philippe NEDANI cr\u00e9\u00e9 en 1982 son entreprise individuelle de terrassement. En 2002, Laurent, son fils vient travailler au sein de l&rsquo;Entreprise, suite \u00e0 l&rsquo;obtention de son BTS g\u00e9nie civil. Afin de pr\u00e9parer la prosp\u00e9rit\u00e9 de l&rsquo;entreprise et &hellip; <a href=\"https:\/\/www.terrassement06.com\/?page_id=8\">Continuer la lecture <span class=\"meta-nav\">&rarr;<\/span><\/a><\/p>\n","protected":false},"author":2,"featured_media":0,"parent":0,"menu_order":0,"comment_status":"open","ping_status":"closed","template":"","meta":{"footnotes":""},"aioseo_notices":[],"_links":{"self":[{"href":"https:\/\/www.terrassement06.com\/index.php?rest_route=\/wp\/v2\/pages\/8"}],"collection":[{"href":"https:\/\/www.terrassement06.com\/index.php?rest_route=\/wp\/v2\/pages"}],"about":[{"href":"https:\/\/www.terrassement06.com\/index.php?rest_route=\/wp\/v2\/types\/page"}],"author":[{"embeddable":true,"href":"https:\/\/www.terrassement06.com\/index.php?rest_route=\/wp\/v2\/users\/2"}],"replies":[{"embeddable":true,"href":"https:\/\/www.terrassement06.com\/index.php?rest_route=%2Fwp%2Fv2%2Fcomments&post=8"}],"version-history":[{"count":32,"href":"https:\/\/www.terrassement06.com\/index.php?rest_route=\/wp\/v2\/pages\/8\/revisions"}],"predecessor-version":[{"id":483,"href":"https:\/\/www.terrassement06.com\/index.php?rest_route=\/wp\/v2\/pages\/8\/revisions\/483"}],"wp:attachment":[{"href":"https:\/\/www.terrassement06.com\/index.php?rest_route=%2Fwp%2Fv2%2Fmedia&parent=8"}],"curies":[{"name":"wp","href":"https:\/\/api.w.org\/{rel}","templated":true}]}}